{"id":62,"date":"2022-09-01T10:27:59","date_gmt":"2022-09-01T08:27:59","guid":{"rendered":"http:\/\/sky-labs.de\/?page_id=62"},"modified":"2022-12-02T15:40:33","modified_gmt":"2022-12-02T14:40:33","slug":"impressum","status":"publish","type":"page","link":"https:\/\/sky-labs.de\/en\/impressum\/","title":{"rendered":"Imprint"},"content":{"rendered":"<div data-elementor-type=\"wp-page\" data-elementor-id=\"62\" class=\"elementor elementor-62\">\n\t\t\t\t\t\t\t\t\t<section class=\"elementor-section elementor-top-section elementor-element elementor-element-c4aea69 elementor-section-boxed elementor-section-height-default elementor-section-height-default\" data-id=\"c4aea69\" data-element_type=\"section\" data-settings=\"{&quot;jet_parallax_layout_list&quot;:[]}\">\n\t\t\t\t\t\t<div class=\"elementor-container elementor-column-gap-no\">\n\t\t\t\t\t<div class=\"elementor-column elementor-col-100 elementor-top-column elementor-element elementor-element-3cc654b\" data-id=\"3cc654b\" data-element_type=\"column\">\n\t\t\t<div class=\"elementor-widget-wrap elementor-element-populated\">\n\t\t\t\t\t\t\t\t<section class=\"elementor-section elementor-inner-section elementor-element elementor-element-15f7fbd elementor-section-content-top elementor-section-boxed elementor-section-height-default elementor-section-height-default\" data-id=\"15f7fbd\" data-element_type=\"section\" data-settings=\"{&quot;jet_parallax_layout_list&quot;:[]}\">\n\t\t\t\t\t\t<div class=\"elementor-container elementor-column-gap-no\">\n\t\t\t\t\t<div class=\"elementor-column elementor-col-50 elementor-inner-column elementor-element elementor-element-1974ae6\" data-id=\"1974ae6\" data-element_type=\"column\">\n\t\t\t<div class=\"elementor-widget-wrap elementor-element-populated\">\n\t\t\t\t\t\t\t\t<div class=\"elementor-element elementor-element-b68ad97 elementor-widget__width-initial elementor-widget elementor-widget-heading\" data-id=\"b68ad97\" data-element_type=\"widget\" data-widget_type=\"heading.default\">\n\t\t\t\t<div class=\"elementor-widget-container\">\n\t\t\t<style>\/*! elementor - v3.9.0 - 06-12-2022 *\/\n.elementor-heading-title{padding:0;margin:0;line-height:1}.elementor-widget-heading .elementor-heading-title[class*=elementor-size-]>a{color:inherit;font-size:inherit;line-height:inherit}.elementor-widget-heading .elementor-heading-title.elementor-size-small{font-size:15px}.elementor-widget-heading .elementor-heading-title.elementor-size-medium{font-size:19px}.elementor-widget-heading .elementor-heading-title.elementor-size-large{font-size:29px}.elementor-widget-heading .elementor-heading-title.elementor-size-xl{font-size:39px}.elementor-widget-heading .elementor-heading-title.elementor-size-xxl{font-size:59px}<\/style><h1 class=\"elementor-heading-title elementor-size-default\">Imprint<\/h1>\t\t<\/div>\n\t\t\t\t<\/div>\n\t\t\t\t<div class=\"elementor-element elementor-element-11cf157 elementor-widget elementor-widget-text-editor\" data-id=\"11cf157\" data-element_type=\"widget\" data-widget_type=\"text-editor.default\">\n\t\t\t\t<div class=\"elementor-widget-container\">\n\t\t\t<style>\/*! elementor - v3.9.0 - 06-12-2022 *\/\n.elementor-widget-text-editor.elementor-drop-cap-view-stacked .elementor-drop-cap{background-color:#818a91;color:#fff}.elementor-widget-text-editor.elementor-drop-cap-view-framed .elementor-drop-cap{color:#818a91;border:3px solid;background-color:transparent}.elementor-widget-text-editor:not(.elementor-drop-cap-view-default) .elementor-drop-cap{margin-top:8px}.elementor-widget-text-editor:not(.elementor-drop-cap-view-default) .elementor-drop-cap-letter{width:1em;height:1em}.elementor-widget-text-editor .elementor-drop-cap{float:left;text-align:center;line-height:1;font-size:50px}.elementor-widget-text-editor .elementor-drop-cap-letter{display:inline-block}<\/style>\t\t\t\t<p>Provider and responsible legal entity for the information on the website sky-labs.de:<\/p><p>Skylabs Development &amp; Construction GmbH<br \/>Max-Jarecki-Stra\u00dfe 21<br \/>69115 Heidelberg<\/p><p>Authorized representatives<br \/>Managing Director: Antony Detre<\/p><p>Contact details<br \/>Phone: +49 6221 187 340<br \/>E-mail: haeusler@sky-labs.de<\/p><p>Entry in the Commercial Register of the Mannheim District Court (Amtsgericht): HRB 713904<br \/>Identification number for turnover tax: DE283372979<\/p><p class=\" translation-block\">The European Commission provides an online dispute resolution platform at: https:\/\/ec.europa.eu\/consumers\/odr\/main\/index.cfm?event=main.home.chooseLanguage. We are neither willing nor obliged to participate in a dispute resolution procedure before a consumer dispute resolution body.<\/p><p>We are responsible for the content of our Internet pages in accordance with the provisions of applicable laws, in particular in accordance with Section 7 para 1 of the German Telemedia Act. All content is created with due care and to the best of our knowledge. Insofar as we refer to the Internet pages of third parties by means of hyperlinks on our Internet pages, we cannot assume any guarantee for the continuous topicality, correctness and completeness of the linked contents, as these contents are outside our area of responsibility and influence. If, in your view, any content violates applicable law or is inappropriate, please let us know.\u201d<\/p>\t\t\t\t\t\t<\/div>\n\t\t\t\t<\/div>\n\t\t\t\t\t<\/div>\n\t\t<\/div>\n\t\t\t\t<div class=\"elementor-column elementor-col-50 elementor-inner-column elementor-element elementor-element-6745e98\" data-id=\"6745e98\" data-element_type=\"column\">\n\t\t\t<div class=\"elementor-widget-wrap\">\n\t\t\t\t\t\t\t\t\t<\/div>\n\t\t<\/div>\n\t\t\t\t\t\t\t<\/div>\n\t\t<\/section>\n\t\t\t\t\t<\/div>\n\t\t<\/div>\n\t\t\t\t\t\t\t<\/div>\n\t\t<\/section>\n\t\t\t\t\t\t\t<\/div>","protected":false},"excerpt":{"rendered":"<p>Anbieter und Verantwortlicher f\u00fcr die Informationen auf der Webseite sky-labs.de: Skylabs Development &amp; Construction GmbHMax-Jarecki-Stra\u00dfe 2169115 Heidelberg Vertretungsberechtigte PersonenGesch\u00e4ftsf\u00fchrer: Antony Detre Kontaktm\u00f6glichkeitenTelefon: +49 6221 187 340E-Mail: haeusler@sky-labs.de Amtsgericht Mannheim HRB 713904Umsatzsteuer-ID: DE283372979 Die Europ\u00e4ische Kommission stellt eine Online-Plattform zur Streitbeilegung zur Verf\u00fcgung: https:\/\/ec.europa.eu\/consumers\/odr\/main\/index.cfm?event=main.home.chooseLanguage. Wir sind zur Teilnahme an einem Streitbeilegungsverfahren vor einer Verbraucherstreitschlichtungsstelle weder bereit [&hellip;]<\/p>","protected":false},"author":6,"featured_media":0,"parent":0,"menu_order":0,"comment_status":"closed","ping_status":"closed","template":"","meta":{"footnotes":""},"_links":{"self":[{"href":"https:\/\/sky-labs.de\/en\/wp-json\/wp\/v2\/pages\/62"}],"collection":[{"href":"https:\/\/sky-labs.de\/en\/wp-json\/wp\/v2\/pages"}],"about":[{"href":"https:\/\/sky-labs.de\/en\/wp-json\/wp\/v2\/types\/page"}],"author":[{"embeddable":true,"href":"https:\/\/sky-labs.de\/en\/wp-json\/wp\/v2\/users\/6"}],"replies":[{"embeddable":true,"href":"https:\/\/sky-labs.de\/en\/wp-json\/wp\/v2\/comments?post=62"}],"version-history":[{"count":0,"href":"https:\/\/sky-labs.de\/en\/wp-json\/wp\/v2\/pages\/62\/revisions"}],"wp:attachment":[{"href":"https:\/\/sky-labs.de\/en\/wp-json\/wp\/v2\/media?parent=62"}],"curies":[{"name":"wp","href":"https:\/\/api.w.org\/{rel}","templated":true}]}}